{"id":7,"date":"2021-07-08T16:43:20","date_gmt":"2021-07-08T19:43:20","guid":{"rendered":"https:\/\/www.postaproject.org\/postaweb\/?page_id=7"},"modified":"2024-07-15T16:39:20","modified_gmt":"2024-07-15T19:39:20","slug":"acerca-de","status":"publish","type":"page","link":"https:\/\/www.postaproject.org\/postaweb\/acerca-de\/","title":{"rendered":"Cr\u00e9ditos"},"content":{"rendered":"<div class=\"single-post-wrap\">\n<p>POSTA es un proyecto colaborativo, y como tal, es posible s\u00f3lo gracias a la colaboraci\u00f3n de muchos. Esta secci\u00f3n tiene la intenci\u00f3n de agradecer a quienes se suman constantemente a este proyecto. A continuaci\u00f3n, una lista en orden pseudo cronol\u00f3gico, de personas y organizaciones que generosamente han colaborado y colaboran voluntariamente con POSTA. Muchas otras personas e instituciones han declarado la intenci\u00f3n de colaborar, pero a\u00fan no ha llegado la oportunidad. Ser\u00e0 nuestro placer agradecerles por este medio apenas llegue el momento. <a href=\"http:\/\/www.esteri.it\/\" target=\"_blank\" rel=\"noopener\">Ministero degli affari Esteri Italiano (MAE)<\/a> y <a href=\"https:\/\/www.argentina.gob.ar\/ciencia\" target=\"_blank\" rel=\"noopener\">Ministerio de Ciencia, Tecnologia e Innovacion productiva Argentino (MINCyT)<\/a>, que han cofinanciado el Start-Up del proyecto a trav\u00e9s del Programa Bilateral ITALIA-ARGENTINA (2017-2019).<\/p>\n<p><a href=\"https:\/\/ambbuenosaires.esteri.it\/ambasciata_buenosaires\/es\/\" target=\"_blank\" rel=\"noopener\">La Embajada Italiana en Buenos Aires<\/a>, que a trav\u00e9s del agregado cient\u00edfico Prof. Jos\u00e9 Kenny, ha facilitado desde el inicio las colaboraciones cient\u00edficas entre Italia y Argentina.<\/p>\n<p>El Prof. Maximiliano Romero, <a href=\"http:\/\/www.iuav.it\/dipartimen\/\" target=\"_blank\" rel=\"noopener\">del Dipartimento di Culture del Progetto<\/a> dell\u2019<a href=\"http:\/\/www.iuav.it\/homepage\/\" target=\"_blank\" rel=\"noopener\">Universit\u00e0 IUAV de Venecia (Italia)<\/a> y el Prof. Diego Beltramone, de la carrera de <a href=\"http:\/\/www.biomedica.esc.efn.uncor.edu\" target=\"_blank\" rel=\"noopener\">Ingenier\u00eda Biom\u00e9dica<\/a>, <a href=\"http:\/\/www.efn.uncor.edu\" target=\"_blank\" rel=\"noopener\">Facultad de Ciencias Exactas, F\u00edsicas y Naturales<\/a> y <a href=\"https:\/\/fcm.unc.edu.ar\/\" target=\"_blank\" rel=\"noopener\">Facultad de Ciencias M\u00e9dicas<\/a> de la <a href=\"https:\/\/www.unc.edu.ar\/\" target=\"_blank\" rel=\"noopener\">Universidad Nacional de C\u00f3rdoba (Argentina)<\/a> por la escritura del proyecto, la investigaci\u00f3n inicial y la gesti\u00f3n del mismo desde Argentina e Italia.<\/p>\n<p>La Prof. Marcela Rivarola, <a href=\"http:\/\/www.ekyf.unc.edu.ar\/\" target=\"_blank\" rel=\"noopener\">Escuela de Kinesiolog\u00eda y Fisioterapia (UNC)<\/a> por la ayuda en la definici\u00f3n del proyecto.<\/p>\n<p>El Prof. Diego Speroni, el Prof. Pablo Ortiz D\u00edaz y sus alumnos de la c\u00e1tedra Ergonom\u00eda 1 de la <a href=\"http:\/\/faud.unc.edu.ar\/carrera-de-diseno-industrial\/\" target=\"_blank\" rel=\"noopener\">Carrera de Dise\u00f1o Industrial (UNC)<\/a> por la evaluaci\u00f3n de Usabilidad de plataformas an\u00e1logas, generando los requisitos para la plataforma POSTA.<\/p>\n<p>El Prof. Fernando Fr\u00edas, de la carrera de <a href=\"https:\/\/www.ies21.edu.ar\/carreras\/informatica\" target=\"_blank\" rel=\"noopener\">Inform\u00e1tica<\/a> del <a href=\"https:\/\/www.ies21.edu.ar\/\" target=\"_blank\" rel=\"noopener\">Colegio Universitario IES (ARG)<\/a>, quien dirigi\u00f3 la tesis de Albano Garc\u00eda.<\/p>\n<p>La Mgtr. Patricia V. Meehan, <a href=\"http:\/\/www.lenguas.unc.edu.ar\/secretaria-de-extension\" target=\"_blank\" rel=\"noopener\">Secretar\u00eda de Extensi\u00f3n<\/a> y <a href=\"http:\/\/www.lenguas.unc.edu.ar\/relaciones-internacionales\" target=\"_blank\" rel=\"noopener\">Relaciones Internacionales<\/a> de la <a href=\"http:\/\/www.lenguas.unc.edu.ar\/\" target=\"_blank\" rel=\"noopener\">Facultad de Lenguas<\/a>, UNC, quien fue nexo fundamental para la coordinaci\u00f3n y traducci\u00f3n de la plataforma POSTA y proyectos en espa\u00f1ol, italiano e ingl\u00e9s.<\/p>\n<p>Alejandro Miraglia, Director de Emprendimientos Creativos de la <a href=\"https:\/\/cultura.cordoba.gob.ar\/\" target=\"_blank\" rel=\"noopener\">Secretar\u00eda de Cultura de la Municipalidad de C\u00f3rdoba (Argentina)<\/a>, quien sugiri\u00f3 y luego gestion\u00f3 para declarar de Inter\u00e9s Cultural al proyecto POSTA por parte de la Secretar\u00eda de Cultura.<\/p>\n<p>-La Dise\u00f1adora industrial Francesca Menghi (ITA), por el dise\u00f1o del logo y de la identidad gr\u00e1fica del proyecto.<\/p>\n<p>-Lucia Garcia Giacosa, Tesista de Ingenier\u00eda Biom\u00e9dica de la UNC (ARG), por el an\u00e1lisis de datos y la elaboraci\u00f3n de los requisitos de proyecto del portal POSTA, coordinaci\u00f3n con la implementaci\u00f3n, escritura de guiones y voces de los distintos videos realizados y v\u00ednculo con la Facultad de Lenguas de la UNC.<\/p>\n<p>-Agustina Grupe, por la realizaci\u00f3n del mock-Up del video introductorio al concept de POSTA.<\/p>\n<p>-Albano Garcia, Tesista de Inform\u00e1tica del colegio Universitario IES (ARG), por el desarrollo e implementaci\u00f3n de las versiones preliminares del Portal POSTA (back-end y front-end), hasta la versi\u00f3n p\u00fablica.<\/p>\n<p>-Beatrice Boncristiano, Edoardo Ferrari e Anna, Estudiantes de Dise\u00f1o de la comunicaci\u00f3n visiva IUAV, por el desarrollo de los Iconos espec\u00edficos del proyecto.<\/p>\n<p>&#8211; Los autores de proyectos precursores que han permitido el lanzamiento inicial de la plataforma:<br \/>\n* Estudiantes del curso de Laboratorio de Producto 1 (Prof. Romero), de la carrera de Dise\u00f1o Producto y Comunicaci\u00f3n Visiva, de la Universidad IUAV di Venezia (ITA). &#8211; A\u00f1o acad\u00e9mico 2017-18: Clara Accebbi, Eva Bravo, Michela Damone, Stefano Paglia, Giulia Spessot por la elaboraci\u00f3n del proyecto \u201cOLGA\u201d. Edoardo Di Pietro, Francesca Menghi, Giorgio Napoli y Anna Caterina Perlati por la elaboraci\u00f3n del proyecto \u201cIngrado\u201d. Leonardo Babolin, Greta Carullo, Ayesha Dodo-Williams y Davide M. Duranti por el proyecto \u201cGeorgieTalk\u201d. Ana Caboz, Vera Francescato, Marco Limani, Margherita Marzaduri y Giada Michiante por el proyecto \u201cLight Note\u201d. Francesco Baldassarra, Marco Franceschini, Oleh Khyzhuk y Sara Scapin por la elaboraci\u00f3n del proyecto \u201cWalk\u2019n Call\u201d. A\u00f1o acad\u00e9mico 2018-19: Michel Casella, Iacopo Cecchetto, Lisa Casula, Enrico Rossi, Gonzalo Infantes por el proyecto \u201cWARNI\u201d. Francesca Ambrogio, Joelle Cifelli, Allegra Corrente Fornoni, Francesca Pian, Matteo Rossi por el proyecto \u201cdia\u201d.<br \/>\n* Alumnos de la C\u00e1tedra de Ingenier\u00eda en Rehabilitaci\u00f3n (Prof. Beltramone y Prof. Rivarola) desde el a\u00f1o 2019 hasta la actualidad, quienes generaron proyectos durante el cursado y luego los publicaron en POSTA.<\/p>\n<div class=\"container\">\n<p style=\"text-align: justify; color: black; font-size: 15px;\"><strong>Instituciones originantes<\/strong><\/p>\n<div class=\"row\">\n<div id=\"menu\" class=\"d-flex justify-content-center col-lg-12 col-md-3 col-sm-3 form-inline no-padding\">\n<div class=\"d-flex justify-content-center col-lg-2 col-md-3 col-sm-3 form-inline no-padding\"><a href=\"http:\/\/www.iuav.it\/homepage\/\" target=\"_blank\" rel=\"noopener\"><img loading=\"lazy\" decoding=\"async\" class=\"img-fluid\" src=\"https:\/\/www.postaproject.org\/img\/logo3IUAV.jpg\" alt=\"\" width=\"152\" height=\"85\" \/> <\/a><a href=\"https:\/\/www.unc.edu.ar\/\" target=\"_blank\" rel=\"noopener\"><img loading=\"lazy\" decoding=\"async\" class=\"img-fluid\" src=\"https:\/\/www.postaproject.org\/img\/logoUNC.jpg\" alt=\"\" width=\"213\" height=\"68\" \/><\/a><\/div>\n<div class=\"d-flex justify-content-center col-lg-2 col-md-3 col-sm-3 form-inline no-padding\"><!--\n\n<a href=\"index.php\"><img decoding=\"async\" class=\"img-fluid\" src=\"https:\/\/www.postaproject.org\/img\/logoUNC.jpg\" alt=\"\"><\/a>\n\n--><\/div>\n<\/div>\n<\/div>\n<p style=\"text-align: justify; color: black; font-size: 15px;\"><strong>Instituciones colaboradoras<\/strong><\/p>\n<div class=\"row\">\n<div id=\"menu\" class=\"d-flex justify-content-center col-lg-12 col-md-3 col-sm-3 form-inline no-padding\">\n<div class=\"d-flex justify-content-center col-lg-3 col-md-3 col-sm-3 form-inline no-padding\"><a href=\"https:\/\/www.ies21.edu.ar\/\" target=\"_blank\" rel=\"noopener\"><img loading=\"lazy\" decoding=\"async\" class=\"img-fluid\" src=\"https:\/\/www.postaproject.org\/img\/logoIES.png\" alt=\"\" width=\"119\" height=\"103\" \/> <\/a><a href=\"https:\/\/www.cordoba.gob.ar\/\" target=\"_blank\" rel=\"noopener\"><img loading=\"lazy\" decoding=\"async\" class=\"img-fluid\" src=\"https:\/\/www.postaproject.org\/img\/logoMUNI.jpeg\" alt=\"\" width=\"293\" height=\"50\" \/><\/a><\/div>\n<\/div>\n<\/div>\n<p style=\"text-align: justify; color: black; font-size: 15px;\"><strong>Instituciones y proyectos amigos<\/strong><\/p>\n<div class=\"row\">\n<div id=\"menu\" class=\"d-flex justify-content-center col-lg-12 col-md-3 col-sm-3 form-inline no-padding\">\n<div class=\"d-flex justify-content-center col-lg-3 col-md-3 col-sm-3 form-inline no-padding\"><a href=\"https:\/\/www.artefactos.org\" target=\"_blank\" rel=\"noopener\"><img loading=\"lazy\" decoding=\"async\" class=\"img-fluid\" src=\"https:\/\/www.postaproject.org\/img\/logoARTEFACTOS.jpeg\" alt=\"\" width=\"298\" height=\"79\" \/><\/a><\/div>\n<\/div>\n<\/div>\n<\/div>\n<h6 style=\"text-align: right; color: black; text-indent: 50px;\">\u00daltima actualizaci\u00f3n: Agosto 2019<\/h6>\n<\/div>\n","protected":false},"excerpt":{"rendered":"<p>POSTA es un proyecto colaborativo, y como tal, es posible s\u00f3lo gracias a la colaboraci\u00f3n de muchos. Esta secci\u00f3n tiene la intenci\u00f3n de agradecer a quienes se suman constantemente a este proyecto. A continuaci\u00f3n, una lista en orden pseudo cronol\u00f3gico, de personas y organizaciones que generosamente han colaborado y colaboran voluntariamente con POSTA. Muchas otras [&hellip;]<\/p>\n","protected":false},"author":1,"featured_media":0,"parent":0,"menu_order":0,"comment_status":"closed","ping_status":"closed","template":"","meta":{"footnotes":""},"class_list":["post-7","page","type-page","status-publish","hentry"],"_links":{"self":[{"href":"https:\/\/www.postaproject.org\/postaweb\/wp-json\/wp\/v2\/pages\/7","targetHints":{"allow":["GET"]}}],"collection":[{"href":"https:\/\/www.postaproject.org\/postaweb\/wp-json\/wp\/v2\/pages"}],"about":[{"href":"https:\/\/www.postaproject.org\/postaweb\/wp-json\/wp\/v2\/types\/page"}],"author":[{"embeddable":true,"href":"https:\/\/www.postaproject.org\/postaweb\/wp-json\/wp\/v2\/users\/1"}],"replies":[{"embeddable":true,"href":"https:\/\/www.postaproject.org\/postaweb\/wp-json\/wp\/v2\/comments?post=7"}],"version-history":[{"count":17,"href":"https:\/\/www.postaproject.org\/postaweb\/wp-json\/wp\/v2\/pages\/7\/revisions"}],"predecessor-version":[{"id":137,"href":"https:\/\/www.postaproject.org\/postaweb\/wp-json\/wp\/v2\/pages\/7\/revisions\/137"}],"wp:attachment":[{"href":"https:\/\/www.postaproject.org\/postaweb\/wp-json\/wp\/v2\/media?parent=7"}],"curies":[{"name":"wp","href":"https:\/\/api.w.org\/{rel}","templated":true}]}}